{"id":74,"date":"2026-03-12T19:09:41","date_gmt":"2026-03-12T19:09:41","guid":{"rendered":"https:\/\/safelywhisper.com\/?page_id=74"},"modified":"2026-03-26T00:57:35","modified_gmt":"2026-03-26T00:57:35","slug":"contact-us","status":"publish","type":"page","link":"https:\/\/safelywhisper.com\/?page_id=74","title":{"rendered":"Contacte-nos"},"content":{"rendered":"\n\n\n<h4>Conhe\u00e7a o Safely Whisper<\/h4>\n<p>Gostaria de conhecer melhor o Safely Whisper e&nbsp;<span style=\"color: rgb(17, 17, 17); font-family: &quot;Noto Sans&quot;; font-size: 15px; font-weight: 600;\">perceber como esta solu\u00e7\u00e3o pode apoiar a sua&nbsp;<\/span><span style=\"color: rgb(17, 17, 17); font-family: &quot;Noto Sans&quot;; font-size: 15px; font-weight: 600;\">organiza\u00e7\u00e3o?<\/span><\/p>\n<p style=\"font-family: &quot;Noto Sans&quot;; text-align: justify;\"><span style=\"font-weight: normal;\">A nossa equipa ter\u00e1 todo o gosto em apresentar-lhe a plataforma e esclarecer todas as suas quest\u00f5es.<\/span><\/p>\n<p><span\u00a0style=\"color: rgb(17,=\"\" 17,=\"\" 17);=\"\" font-family:=\"\" &quot;noto=\"\" sans&quot;;=\"\" font-size:=\"\" 15px;=\"\" font-weight:=\"\" 600;\"=\"\"><\/span\u00a0style=\"color:><\/p>\n\n\n\n\n\n\n\n<h2>Safely Whisper \u2013 Campanha Especial de Ades\u00e3o<\/h2>\n<p>Disponibilizamos uma campanha especial para a implementa\u00e7\u00e3o do Safely Whisper. Uma solu\u00e7\u00e3o que apoia as organiza\u00e7\u00f5es na promo\u00e7\u00e3o de uma cultura de \u00e9tica, transpar\u00eancia e confian\u00e7a<\/p>\n<h3>At\u00e9 ao final de abril<\/h3>\n\n\n","protected":false},"excerpt":{"rendered":"","protected":false},"author":1,"featured_media":0,"parent":0,"menu_order":0,"comment_status":"closed","ping_status":"closed","template":"","meta":{"pagelayer_contact_templates":[],"_pagelayer_content":"","footnotes":""},"class_list":["post-74","page","type-page","status-publish","hentry"],"_links":{"self":[{"href":"https:\/\/safelywhisper.com\/index.php?rest_route=\/wp\/v2\/pages\/74","targetHints":{"allow":["GET"]}}],"collection":[{"href":"https:\/\/safelywhisper.com\/index.php?rest_route=\/wp\/v2\/pages"}],"about":[{"href":"https:\/\/safelywhisper.com\/index.php?rest_route=\/wp\/v2\/types\/page"}],"author":[{"embeddable":true,"href":"https:\/\/safelywhisper.com\/index.php?rest_route=\/wp\/v2\/users\/1"}],"replies":[{"embeddable":true,"href":"https:\/\/safelywhisper.com\/index.php?rest_route=%2Fwp%2Fv2%2Fcomments&post=74"}],"version-history":[{"count":18,"href":"https:\/\/safelywhisper.com\/index.php?rest_route=\/wp\/v2\/pages\/74\/revisions"}],"predecessor-version":[{"id":217,"href":"https:\/\/safelywhisper.com\/index.php?rest_route=\/wp\/v2\/pages\/74\/revisions\/217"}],"wp:attachment":[{"href":"https:\/\/safelywhisper.com\/index.php?rest_route=%2Fwp%2Fv2%2Fmedia&parent=74"}],"curies":[{"name":"wp","href":"https:\/\/api.w.org\/{rel}","templated":true}]}}