{"id":76,"date":"2026-03-12T19:09:41","date_gmt":"2026-03-12T19:09:41","guid":{"rendered":"https:\/\/safelywhisper.com\/?page_id=76"},"modified":"2026-03-14T20:09:22","modified_gmt":"2026-03-14T20:09:22","slug":"services","status":"publish","type":"page","link":"https:\/\/safelywhisper.com\/?page_id=76","title":{"rendered":"Funcionalidades"},"content":{"rendered":"\n\n\n<h2>Funcionalidades da plataforma<\/h2>\n<p>O Safely Whisper permite implementar diferentes tipos de canais de comunica\u00e7\u00e3o, que podem ser configurados de acordo com as necessidades e pol\u00edticas internas da organiza\u00e7\u00e3o.<br><br>A plataforma foi concebida para permitir uma gest\u00e3o estruturada, segura e confidencial das comunica\u00e7\u00f5es recebidas.<\/p>\n&nbsp;\n\n\n<p style=\"color: white; text-align: justify; line-height: 1.5;\" [object=\"\" namednodemap]=\"\"><span style=\"font-weight: normal; font-family: &quot;Noto Sans&quot;;\">O canal de den\u00fancias permite comunicar irregularidades ou comportamentos contr\u00e1rios \u00e0 \u00e9tica organizacional.<\/span><\/p><p style=\"color: white; text-align: justify; line-height: 1.5;\" [object=\"\" namednodemap]=\"\"><span style=\"font-weight: normal; font-family: &quot;Noto Sans&quot;;\">A plataforma permite que estas comunica\u00e7\u00f5es sejam realizadas de forma confidencial e, quando aplic\u00e1vel, an\u00f3nima.<\/span><\/p><p style=\"color: white; text-align: justify; line-height: 1.5;\" [object=\"\" namednodemap]=\"\"><span style=\"font-weight: normal; font-family: &quot;Noto Sans&quot;;\">Este mecanismo contribui para a dete\u00e7\u00e3o precoce de riscos e para o refor\u00e7o da integridade organizacional.<\/span><\/p>\n<p style=\"font-family: &quot;Noto Sans&quot;; color: white; text-align: justify;\">O Safely Whisper pode ser utilizado para gerir pedidos relacionados com o&nbsp; exerc\u00edcio de direitos por parte dos titulares de dados pessoais.<\/p><p style=\"font-family: &quot;Noto Sans&quot;; color: white; text-align: justify;\">Entre estes pedidos incluem-se:<\/p><ul style=\"color: white\"><li style=\"text-align: justify;\">Direitos de Acesso<\/li><li style=\"text-align: justify;\">Direito de retifica\u00e7\u00e3o<\/li><li style=\"text-align: justify;\">Direito ao Apagamento<\/li><li style=\"text-align: justify;\">Direito \u00e0 Limita\u00e7\u00e3o do Tratamento<\/li><\/ul><p style=\"font-family: &quot;Noto Sans&quot;; text-align: justify; color: white\">A plataforma permite registar, acompanhar e gerir estes pedidos de forma estruturada.<\/p>\n\n\n<p style=\"font-family: &quot;Noto Sans&quot;; text-align: justify; color: white\"><span style=\"font-weight: normal;\"><span style=\"line-height:1.5;\">O canal de den\u00fancias permite recolher ideias e propostas provenientes de colaboradores ou outras partes interessadas.<\/span><\/span><\/p><p style=\"font-family: &quot;Noto Sans&quot;; text-align: justify; color: white\"><span style=\"font-weight: normal;\"><span style=\"line-height:1.5;\">Esta funcionalidade pode contribuir para o&nbsp; desenvolvimento da organiza\u00e7\u00e3o e para o refor\u00e7o da participa\u00e7\u00e3o interna.<\/span><\/span><\/p>\n<p style=\"text-align: justify; font-family: Noto Sans;; line-height: 1.5;text-align: justify; color: white\">A plataforma permite criar um espa\u00e7o onde podem ser registados elogios ou experi\u00eancias positivas relacioandas com a organiza\u00e7\u00e3o.<\/p><p style=\"text-align: justify; font-family: &quot;Noto Sans&quot;; line-height: 1.5;text-align: justify; color: white\">Este tipo de comunica\u00e7\u00e3o pode contribuir para a valoriza\u00e7\u00e3o de boas pr\u00e1ticas e para o reocnhecimento de comportamentos positivos<\/p>\n\n\n\n\n\n\n<h2>Seguran\u00e7a e Caracter\u00edsticas da Plataforma<\/h2>\n\n\n<p style=\"color: white; text-align: justify; line-height: 1.5;\" [object=\"\" namednodemap]=\"\"><font face=\"Noto Sans\"><span style=\"font-weight: 400;\">A informa\u00e7\u00e3o enviada atrav\u00e9s da plataforma \u00e9 tratada com estrita confidencialidade.<\/span><\/font><\/p>\n<p style=\"font-family: &quot;Noto Sans&quot;; color: white; text-align: justify;\">A plataforma pode ser adaptada \u00e0s necessidades da organiza\u00e7\u00e3o atrav\u00e9s da configura\u00e7\u00e3o de diferentes canais e fluxos de gest\u00e3o.<\/p>\n\n\n<p style=\"font-family: &quot;Noto Sans&quot;; text-align: justify; color: white\"><span style=\"font-weight: 400;\">O Safely Whisper utiliza mecanismos tecnol\u00f3gicos concebidos para proteger&nbsp; a integridade e a seguran\u00e7a dos dados. A solu\u00e7\u00e3o baseia-se na tecnologia GlobaLeaks &#8211; amplamente utilizada em sistemas de den\u00fancia.<\/span><\/p>\n<p style=\"text-align: justify; font-family: Noto Sans;; line-height: 1.5;text-align: justify; color: white\">Os utilizadores podem acompanhar o estado das suas comunica\u00e7\u00f5es, quando aplic\u00e1vel.<\/p>\n\n\n<p style=\"font-family: &quot;Noto Sans&quot;; text-align: justify; color: white\"><span style=\"font-weight: 400;\">Permite administrar todas as comunica\u00e7\u00f5es recebidas a partir de um \u00fanico ambiente.<\/span><\/p>\n<p style=\"text-align: justify; font-family: Noto Sans;; line-height: 1.5;text-align: justify; color: white\">O SafelyWhisper \u00e9 disponibilizado como Software-as-a-Service, permitindo uma implementa\u00e7\u00e3o simples e r\u00e1pida.<\/p>\n\n\n\n\n","protected":false},"excerpt":{"rendered":"","protected":false},"author":1,"featured_media":0,"parent":0,"menu_order":0,"comment_status":"closed","ping_status":"closed","template":"","meta":{"pagelayer_contact_templates":[],"_pagelayer_content":"","footnotes":""},"class_list":["post-76","page","type-page","status-publish","hentry"],"_links":{"self":[{"href":"https:\/\/safelywhisper.com\/index.php?rest_route=\/wp\/v2\/pages\/76","targetHints":{"allow":["GET"]}}],"collection":[{"href":"https:\/\/safelywhisper.com\/index.php?rest_route=\/wp\/v2\/pages"}],"about":[{"href":"https:\/\/safelywhisper.com\/index.php?rest_route=\/wp\/v2\/types\/page"}],"author":[{"embeddable":true,"href":"https:\/\/safelywhisper.com\/index.php?rest_route=\/wp\/v2\/users\/1"}],"replies":[{"embeddable":true,"href":"https:\/\/safelywhisper.com\/index.php?rest_route=%2Fwp%2Fv2%2Fcomments&post=76"}],"version-history":[{"count":9,"href":"https:\/\/safelywhisper.com\/index.php?rest_route=\/wp\/v2\/pages\/76\/revisions"}],"predecessor-version":[{"id":180,"href":"https:\/\/safelywhisper.com\/index.php?rest_route=\/wp\/v2\/pages\/76\/revisions\/180"}],"wp:attachment":[{"href":"https:\/\/safelywhisper.com\/index.php?rest_route=%2Fwp%2Fv2%2Fmedia&parent=76"}],"curies":[{"name":"wp","href":"https:\/\/api.w.org\/{rel}","templated":true}]}}