{"id":8,"date":"2026-03-12T19:09:41","date_gmt":"2026-03-12T19:09:41","guid":{"rendered":"https:\/\/safelywhisper.com\/?page_id=8"},"modified":"2026-03-20T15:09:08","modified_gmt":"2026-03-20T15:09:08","slug":"home","status":"publish","type":"page","link":"https:\/\/safelywhisper.com\/","title":{"rendered":"In\u00edcio"},"content":{"rendered":"\n\n\n\n<p [object NamedNodeMap]><\/p>\n\n\n<p [object NamedNodeMap]><\/p>\n\n\n\n\n<p [object NamedNodeMap]><\/p>\n\n\n<p [object NamedNodeMap]><\/p>\n\n\n\n<h2>Muitas organiza\u00e7\u00f5es ainda n\u00e3o t\u00eam um canal seguro para comunicar problemas<\/h2>\n<p style=\"font-family: &quot;Noto Sans&quot;;\">Colaboradores, clientes e parceiros identificam frequentemente:<\/p>\n\n<span style=\"font-weight: normal;\">Irregularidades<\/span>\n<span style=\"font-weight: normal;\">Riscos Internos<\/span>\n<span style=\"font-weight: normal;\">Problemas Operacionais<\/span>\n<span style=\"font-weight: normal;\">Quest\u00f5es relacionadas com dados pessoais<\/span>\n\n<p style=\"font-family: &quot;Noto Sans&quot;;\">Sem um mecanismo adequado, estas situa\u00e7\u00f5es podem:<\/p>\n\n<span style=\"font-weight: normal;\">N\u00e3o ser comunicadas<\/span>\n<span style=\"font-weight: normal;\">Ser ignoradas<\/span>\n<span style=\"font-weight: normal;\">Transformar-se em problemas legais ou reputacionais<\/span>\n\n<p style=\"font-family: &quot;Noto Sans&quot;; line-height: 1.5; text-align: justify;\">Criar canais seguros de comunica\u00e7\u00e3o \u00e9 hoje uma pr\u00e1tica essencial de boa governa\u00e7\u00e3o.<\/p>\n\n\n\n\n<h2>A solu\u00e7\u00e3o: um portal confidencial para gerir comunica\u00e7\u00f5es sens\u00edveis<\/h2>\n<p style=\"font-family: &quot;Noto Sans&quot;; line-height: 1.5; text-align: justify;\">O Safely Whisper permite centralizar diferente tipos de comunica\u00e7\u00f5es num \u00fanico ambiente digital seguro.<\/p>\n<p style=\"text-align: justify; line-height: 1.5; font-family: &quot;Noto Sans&quot;;\"><span style=\"font-weight: normal;\">Atrav\u00e9s da plataforma, a sua organiza\u00e7\u00e3o pode:<\/span><\/p>\n\n<span style=\"font-weight: normal;\">Receber den\u00fancias e preocupa\u00e7\u00f5es internas<\/span>\n<span style=\"font-weight: normal;\">Recolher sugest\u00f5es e feedback<\/span>\n<span style=\"font-weight: normal;\">Registar elogios e boas pr\u00e1ticas<\/span>\n<span style=\"font-weight: normal;\">Gerir pedidos de direitos de prote\u00e7\u00e3o de dados<\/span>\n\n<p style=\"text-align: justify; font-family: &quot;Noto Sans&quot;;\"><span style=\"font-weight: normal;\">Tudo num sistema estruturado que facilita a an\u00e1lise e acompanhamento das comunica\u00e7\u00f5es.<\/span><\/p>\n\n\n\n\n\n\n\n\n\n\n\n<h2>Benef\u00edcios para a Organiza\u00e7\u00e3o<\/h2>\n\n\n<span style=\"font-family: &quot;Noto Sans&quot;; color: rgb(255, 255, 255);\">Irregularidades e  problemas podem ser detetados mais cedo<\/span>\n\n\n<p> <span style=\"font-family: &quot;Noto Sans&quot;; color: white; line-height: 1.5;\">Promove uma cultura organizacional baseada em confian\u00e7a e responsabilidade.<\/span><\/p>\n\n\n<p> <span style=\"font-family: &quot;Noto Sans&quot;; line-height: 1.5; color: white\">Todas as comunica\u00e7\u00f5es ficam registadas e acompanhadas.<\/span><\/p>\n\n\n\n\n\n\n\n\n\n\n\n\n\n\n\n<h2>Funcionalidades Principais<\/h2>\n\n\n\n<p [object NamedNodeMap]><\/p>\n\n\n<p [object NamedNodeMap]><\/p>\n\n\n\n\n<p [object NamedNodeMap]><\/p>\n\n\n<p [object NamedNodeMap]><\/p>\n\n\n\n\n\n\n\n<h2>Seguran\u00e7a e Confidencialidade<\/h2>\n<p style=\"font-family: &quot;Noto Sans&quot;; line-height: 1.5; text-align: justify;\">A gest\u00e3o de comunica\u00e7\u00f5es sens\u00edveis exige elevados padr\u00f5es de seguran\u00e7a:<\/p>\n<p style=\"text-align: justify; line-height: 1.5; font-family: &quot;Noto Sans&quot;;\"><span style=\"font-weight: normal;\">O Safely Whisper foi desenvolvido para garantir:<\/span><\/p>\n\n<span style=\"font-weight: normal;\">Confidencialidade das comunica\u00e7\u00f5es<\/span>\n<span style=\"font-weight: normal;\">Prote\u00e7\u00e3o da identidade do denunciante<\/span>\n<span style=\"font-weight: normal;\">Seguran\u00e7a da informa\u00e7\u00e3o<\/span>\n<span style=\"font-weight: normal;\">Gest\u00e3o controlada de acessos<\/span>\n\n<p style=\"text-align: justify; font-family: &quot;Noto Sans&quot;;\"><span style=\"font-weight: normal;\">Tudo num sistema estruturado que facilita a an\u00e1lise e acompanhamento das comunica\u00e7\u00f5es.<\/span><\/p>\n\n\n\n\n\n\n\n\n\n\n\n\n\n\n\n\n\n\n<h2>Preparado para boas pr\u00e1ticas e requisitos legais<\/h2>\n<p style=\"font-family: &quot;Noto Sans&quot;; line-height: 1.5; text-align: justify;\">A plataforma pode apoiar orgnaiza\u00e7\u00f5es na implementa\u00e7\u00e3o de mecanismos associados a:<\/p>\n\n<span style=\"font-weight: normal;\">Prote\u00e7\u00e3o de denunciantes<\/span>\n<span style=\"font-weight: normal;\">Programas de conformidade<\/span>\n<span style=\"font-weight: normal;\">Gest\u00e3o de risco<\/span>\n<span style=\"font-weight: normal;\">Prote\u00e7\u00e3o de dados pessoais.<\/span>\n\n<p style=\"text-align: justify; font-family: &quot;Noto Sans&quot;;\"><span style=\"font-weight: normal;\">Tudo num sistema estruturado que facilita a an\u00e1lise e acompanhamento das comunica\u00e7\u00f5es.<\/span><\/p>\n\n\n\n\n<h2>Conhe\u00e7a o Safely Whisper<\/h2>\n<p style=\"font-family: &quot;Noto Sans&quot;; text-align: justify;\"><span style=\"font-weight: normal; line-height: 1.5;\">Se pretende implementar um canal seguro de comunica\u00e7\u00e3o na sua organiza\u00e7\u00e3o, podemos apresentar-lhe a plataforma. Teste a demonstra\u00e7\u00e3o disponibilizada por n\u00f3s e contacte-nos para mais informa\u00e7\u00f5es.<\/span><\/p>\n\n\n\n\n\n\n","protected":false},"excerpt":{"rendered":"","protected":false},"author":1,"featured_media":0,"parent":0,"menu_order":0,"comment_status":"closed","ping_status":"closed","template":"","meta":{"pagelayer_contact_templates":[],"_pagelayer_content":"","footnotes":""},"class_list":["post-8","page","type-page","status-publish","hentry"],"_links":{"self":[{"href":"https:\/\/safelywhisper.com\/index.php?rest_route=\/wp\/v2\/pages\/8","targetHints":{"allow":["GET"]}}],"collection":[{"href":"https:\/\/safelywhisper.com\/index.php?rest_route=\/wp\/v2\/pages"}],"about":[{"href":"https:\/\/safelywhisper.com\/index.php?rest_route=\/wp\/v2\/types\/page"}],"author":[{"embeddable":true,"href":"https:\/\/safelywhisper.com\/index.php?rest_route=\/wp\/v2\/users\/1"}],"replies":[{"embeddable":true,"href":"https:\/\/safelywhisper.com\/index.php?rest_route=%2Fwp%2Fv2%2Fcomments&post=8"}],"version-history":[{"count":25,"href":"https:\/\/safelywhisper.com\/index.php?rest_route=\/wp\/v2\/pages\/8\/revisions"}],"predecessor-version":[{"id":213,"href":"https:\/\/safelywhisper.com\/index.php?rest_route=\/wp\/v2\/pages\/8\/revisions\/213"}],"wp:attachment":[{"href":"https:\/\/safelywhisper.com\/index.php?rest_route=%2Fwp%2Fv2%2Fmedia&parent=8"}],"curies":[{"name":"wp","href":"https:\/\/api.w.org\/{rel}","templated":true}]}}